{"id":1280,"date":"2020-04-29T14:54:03","date_gmt":"2020-04-29T12:54:03","guid":{"rendered":"https:\/\/tosselilla.se\/?page_id=1280"},"modified":"2021-02-26T10:34:57","modified_gmt":"2021-02-26T09:34:57","slug":"finden-sie-hier","status":"publish","type":"page","link":"https:\/\/tosselilla.se\/de\/hitta-hit\/","title":{"rendered":"Finden Sie hier"},"content":{"rendered":"<div  class=\"lgc-column lgc-grid-parent lgc-grid-55 lgc-tablet-grid-55 lgc-mobile-grid-100 lgc-equal-heights\"><div  class=\"inside-grid-column\">\n<p class=\"blue-1\">Finden Sie Tosselilla<\/p>\n<p>Es dauert etwa 40 Minuten von Lund und 50 Minuten von Malm\u00f6 bzw. Kristianstad. Wenn Sie Tomelilla erreichen, ist Tosselilla gut ausgeschildert. Von Malm\u00f6 aus f\u00fchrt der einfachste Weg mit dem Auto \u00fcber Staffanstorp, Dalby und Sj\u00f6bo. Wenn Sie aus dem Nordwesten von Scania kommen, ist die n\u00e4chste Anfahrt \u00fcber H\u00f6\u00f6r, H\u00f6rby und Sj\u00f6bo.<\/p>\n<h3>Reisen Sie mit Zug und Bus nach Tosselilla<\/h3>\n<p>Reisen Sie mit Zug und Bus nach Tosselilla: Gehen Sie zu\u00a0<a href=\"https:\/\/www.skanetrafiken.se\/\" target=\"_blank\" rel=\"noopener noreferrer\">www.skanetrafiken.se<\/a>\u00a0und klicken Sie auf den Reiseplaner oder rufen Sie 0771 77 77 77 an. Die n\u00e4chstgelegene Haltestelle zu Tosselilla hei\u00dft Svampakorset, danach ist es ein Spaziergang von etwa 10 Minuten.<\/p>\n<p><\/p><\/div><\/div><div  class=\"lgc-column lgc-grid-parent lgc-grid-45 lgc-tablet-grid-45 lgc-mobile-grid-100 lgc-equal-heights facts\"><div  class=\"inside-grid-column\">\n<h3>GPS-Koordinaten (WGS 84)<\/h3>\n<div class=\"list-row clearfix\"><span class=\"label\">Faul:<\/span><span class=\"list-content\">55.554753<\/span><\/div>\n<div class=\"list-row clearfix\"><span class=\"label\">Lang:<\/span><span class=\"list-content\">13.902720<\/span><\/div>\n<p><\/p><\/div><\/div><div class=\"lgc-clear\"><\/div>","protected":false},"excerpt":{"rendered":"","protected":false},"author":1,"featured_media":1321,"parent":0,"menu_order":15,"comment_status":"closed","ping_status":"closed","template":"","meta":{"_acf_changed":false,"footnotes":""},"class_list":["post-1280","page","type-page","status-publish","has-post-thumbnail","hentry"],"acf":[],"_links":{"self":[{"href":"https:\/\/tosselilla.se\/de\/wp-json\/wp\/v2\/pages\/1280","targetHints":{"allow":["GET"]}}],"collection":[{"href":"https:\/\/tosselilla.se\/de\/wp-json\/wp\/v2\/pages"}],"about":[{"href":"https:\/\/tosselilla.se\/de\/wp-json\/wp\/v2\/types\/page"}],"author":[{"embeddable":true,"href":"https:\/\/tosselilla.se\/de\/wp-json\/wp\/v2\/users\/1"}],"replies":[{"embeddable":true,"href":"https:\/\/tosselilla.se\/de\/wp-json\/wp\/v2\/comments?post=1280"}],"version-history":[{"count":0,"href":"https:\/\/tosselilla.se\/de\/wp-json\/wp\/v2\/pages\/1280\/revisions"}],"wp:featuredmedia":[{"embeddable":true,"href":"https:\/\/tosselilla.se\/de\/wp-json\/wp\/v2\/media\/1321"}],"wp:attachment":[{"href":"https:\/\/tosselilla.se\/de\/wp-json\/wp\/v2\/media?parent=1280"}],"curies":[{"name":"wp","href":"https:\/\/api.w.org\/{rel}","templated":true}]}}