{"id":1289,"date":"2020-04-29T15:31:00","date_gmt":"2020-04-29T13:31:00","guid":{"rendered":"https:\/\/tosselilla.se\/?page_id=1289"},"modified":"2025-02-26T09:22:36","modified_gmt":"2025-02-26T08:22:36","slug":"uber-tosselilla","status":"publish","type":"page","link":"https:\/\/tosselilla.se\/de\/om-tosselilla\/","title":{"rendered":"\u00dcber Tosselilla"},"content":{"rendered":"<p class=\"blue-1\">Sk\u00e5nes gr\u00f6\u00dfter Vergn\u00fcgungspark<\/p>\n<p>Tosselilla ist ein sch\u00f6nes Sommerland in sch\u00f6ner Natur mitten in \u00d6sterlen. Wir haben viele Aktivit\u00e4ten f\u00fcr Jung und Alt. Hier sehen Sie eine kleine Auswahl von all dem Spa\u00df, den Tosselilla zu bieten hat:<\/p>","protected":false},"excerpt":{"rendered":"<p>Scanias gr\u00f6\u00dfter Vergn\u00fcgungspark, Tosselilla, ist ein wundersch\u00f6nes Sommerland inmitten wundersch\u00f6ner Natur mitten in \u00d6sterlen. Wir haben viele Aktivit\u00e4ten f\u00fcr Jung und Alt. Hier sehen Sie ein\u2026 <\/p>\n<div class=\"button-container\"><a class=\"btn small\" href=\"https:\/\/tosselilla.se\/de\/om-tosselilla\/\">Weiterlesen<\/a><\/div>","protected":false},"author":1,"featured_media":1318,"parent":0,"menu_order":14,"comment_status":"closed","ping_status":"closed","template":"","meta":{"_acf_changed":false,"footnotes":""},"class_list":["post-1289","page","type-page","status-publish","has-post-thumbnail","hentry"],"acf":[],"_links":{"self":[{"href":"https:\/\/tosselilla.se\/de\/wp-json\/wp\/v2\/pages\/1289","targetHints":{"allow":["GET"]}}],"collection":[{"href":"https:\/\/tosselilla.se\/de\/wp-json\/wp\/v2\/pages"}],"about":[{"href":"https:\/\/tosselilla.se\/de\/wp-json\/wp\/v2\/types\/page"}],"author":[{"embeddable":true,"href":"https:\/\/tosselilla.se\/de\/wp-json\/wp\/v2\/users\/1"}],"replies":[{"embeddable":true,"href":"https:\/\/tosselilla.se\/de\/wp-json\/wp\/v2\/comments?post=1289"}],"version-history":[{"count":6,"href":"https:\/\/tosselilla.se\/de\/wp-json\/wp\/v2\/pages\/1289\/revisions"}],"predecessor-version":[{"id":7381,"href":"https:\/\/tosselilla.se\/de\/wp-json\/wp\/v2\/pages\/1289\/revisions\/7381"}],"wp:featuredmedia":[{"embeddable":true,"href":"https:\/\/tosselilla.se\/de\/wp-json\/wp\/v2\/media\/1318"}],"wp:attachment":[{"href":"https:\/\/tosselilla.se\/de\/wp-json\/wp\/v2\/media?parent=1289"}],"curies":[{"name":"wp","href":"https:\/\/api.w.org\/{rel}","templated":true}]}}