{"id":2287,"date":"2021-05-27T14:48:55","date_gmt":"2021-05-27T12:48:55","guid":{"rendered":"https:\/\/tosselilla.se\/?page_id=2287"},"modified":"2021-07-06T21:02:08","modified_gmt":"2021-07-06T19:02:08","slug":"informationen-zu-covid-19","status":"publish","type":"page","link":"https:\/\/tosselilla.se\/de\/information-om-covid-19\/","title":{"rendered":"Informationen zu Covid-19"},"content":{"rendered":"<p class=\"blue-1\">Informationen zu Covid-19<\/p>\n<p>Tosselilla Sommarland ist ein Outdoor-Park mit einer gro\u00dfen Fl\u00e4che (500.000 m2) und gro\u00dfen Gr\u00fcnfl\u00e4chen, mit sehr wenigen Orten, an denen sich Besucher drinnen aufhalten k\u00f6nnen. Aber wir tun trotzdem alles, um die Ausbreitung von Covid-19 zu verhindern. Tosselilla befolgt die Visita-Richtlinien \u201eSafe to Visit\u201c.<\/p>\n<p><img loading=\"lazy\" decoding=\"async\" class=\"safe-to-visit alignnone wp-image-2291\" src=\"https:\/\/tosselilla.se\/wp-content\/uploads\/2021\/05\/Safe-to-visit-rund-digital-150x150.png\" alt=\"\" width=\"120\" height=\"120\"><\/p>","protected":false},"excerpt":{"rendered":"<p>Informationen zu Covid-19 Tosselilla Sommarland ist ein Outdoor-Park mit einer gro\u00dfen Fl\u00e4che (500.000 m2) und gro\u00dfen Gr\u00fcnfl\u00e4chen, mit sehr wenigen Orten, an denen Besucher drinnen bleiben k\u00f6nnen. Aber wir tun es immer noch ... <\/p>\n<div class=\"button-container\"><a class=\"btn small\" href=\"https:\/\/tosselilla.se\/de\/information-om-covid-19\/\">Weiterlesen<\/a><\/div>","protected":false},"author":1,"featured_media":2292,"parent":0,"menu_order":11,"comment_status":"closed","ping_status":"closed","template":"","meta":{"_acf_changed":false,"footnotes":""},"class_list":["post-2287","page","type-page","status-publish","has-post-thumbnail","hentry"],"acf":[],"_links":{"self":[{"href":"https:\/\/tosselilla.se\/de\/wp-json\/wp\/v2\/pages\/2287","targetHints":{"allow":["GET"]}}],"collection":[{"href":"https:\/\/tosselilla.se\/de\/wp-json\/wp\/v2\/pages"}],"about":[{"href":"https:\/\/tosselilla.se\/de\/wp-json\/wp\/v2\/types\/page"}],"author":[{"embeddable":true,"href":"https:\/\/tosselilla.se\/de\/wp-json\/wp\/v2\/users\/1"}],"replies":[{"embeddable":true,"href":"https:\/\/tosselilla.se\/de\/wp-json\/wp\/v2\/comments?post=2287"}],"version-history":[{"count":0,"href":"https:\/\/tosselilla.se\/de\/wp-json\/wp\/v2\/pages\/2287\/revisions"}],"wp:featuredmedia":[{"embeddable":true,"href":"https:\/\/tosselilla.se\/de\/wp-json\/wp\/v2\/media\/2292"}],"wp:attachment":[{"href":"https:\/\/tosselilla.se\/de\/wp-json\/wp\/v2\/media?parent=2287"}],"curies":[{"name":"wp","href":"https:\/\/api.w.org\/{rel}","templated":true}]}}