{"id":2476,"date":"2022-01-21T13:15:26","date_gmt":"2022-01-21T12:15:26","guid":{"rendered":"https:\/\/tosselilla.se\/?page_id=2476"},"modified":"2025-02-28T16:44:09","modified_gmt":"2025-02-28T15:44:09","slug":"land-des-wassers","status":"publish","type":"page","link":"https:\/\/tosselilla.se\/de\/vattenland\/","title":{"rendered":"Wasser Land"},"content":{"rendered":"<div  class=\"lgc-column lgc-grid-parent lgc-grid-50 lgc-tablet-grid-50 lgc-mobile-grid-100 lgc-equal-heights\"><div  class=\"inside-grid-column\">\n<h2 class=\"blue-2\" style=\"text-align: left; margin-bottom: 1em;\">Willkommen in Schwedens lustigstem Wasserpark<\/h2>\n<p>Entdecken Sie Tosselilla, S\u00fcdschwedens gr\u00f6\u00dften Wasserpark und eines der besten Erlebnisb\u00e4der Schwedens! Unser riesiger Wasserpark in Sk\u00e5ne bietet jede Menge coole Attraktionen f\u00fcr Jung und Alt. Hier k\u00f6nnen Sie und Ihre Familie atemberaubende Wasserrutschen wie Hyper, Vilda Forsen und vieles mehr genie\u00dfen.<\/p>\n<p>Um neue Energie zu tanken, gibt es zahlreiche Restaurants zur Auswahl, wo Sie alles von leckeren Burgern und Pizza bis hin zu Churros, Eis und traditionellem Kaffee probieren k\u00f6nnen. Nutzen Sie auch die Gelegenheit, die Landattraktionen im Tivolilandet zu erkunden oder eine aufregende Go-Kart-Fahrt zu unternehmen. Wir haben f\u00fcr jeden etwas dabei. Herzlich willkommen im Tosselilla Sommarland.<\/p>\n<p><a class=\"btn small\" href=\"https:\/\/tosselilla.se\/de\/ticketpreise\/\">Siehe Tickets &amp; Preise<\/a><br \/>\n<\/p><\/div><\/div>\n<div  class=\"lgc-column lgc-grid-parent lgc-grid-50 lgc-tablet-grid-50 lgc-mobile-grid-100 lgc-equal-heights last\"><div  class=\"inside-grid-column\"><br \/>\n<img loading=\"lazy\" decoding=\"async\" class=\"alignnone wp-image-2228\" src=\"https:\/\/tosselilla.se\/wp-content\/uploads\/2021\/04\/vattenland-300x300.jpg\" alt=\"Tosselilla Wasserpark und Erlebnisbad in Sk\u00e5ne, Schweden\" width=\"458\" height=\"458\" \/><br \/>\n<\/div><\/div><div class=\"lgc-clear\"><\/div>","protected":false},"excerpt":{"rendered":"","protected":false},"author":2,"featured_media":0,"parent":0,"menu_order":9,"comment_status":"closed","ping_status":"closed","template":"page-info.php","meta":{"_acf_changed":false,"footnotes":""},"class_list":["post-2476","page","type-page","status-publish","hentry"],"acf":[],"_links":{"self":[{"href":"https:\/\/tosselilla.se\/de\/wp-json\/wp\/v2\/pages\/2476","targetHints":{"allow":["GET"]}}],"collection":[{"href":"https:\/\/tosselilla.se\/de\/wp-json\/wp\/v2\/pages"}],"about":[{"href":"https:\/\/tosselilla.se\/de\/wp-json\/wp\/v2\/types\/page"}],"author":[{"embeddable":true,"href":"https:\/\/tosselilla.se\/de\/wp-json\/wp\/v2\/users\/2"}],"replies":[{"embeddable":true,"href":"https:\/\/tosselilla.se\/de\/wp-json\/wp\/v2\/comments?post=2476"}],"version-history":[{"count":6,"href":"https:\/\/tosselilla.se\/de\/wp-json\/wp\/v2\/pages\/2476\/revisions"}],"predecessor-version":[{"id":7386,"href":"https:\/\/tosselilla.se\/de\/wp-json\/wp\/v2\/pages\/2476\/revisions\/7386"}],"wp:attachment":[{"href":"https:\/\/tosselilla.se\/de\/wp-json\/wp\/v2\/media?parent=2476"}],"curies":[{"name":"wp","href":"https:\/\/api.w.org\/{rel}","templated":true}]}}