{"id":2506,"date":"2022-01-24T14:15:48","date_gmt":"2022-01-24T13:15:48","guid":{"rendered":"https:\/\/tosselilla.se\/?page_id=2506"},"modified":"2025-03-19T08:25:38","modified_gmt":"2025-03-19T07:25:38","slug":"kirmes-skan","status":"publish","type":"page","link":"https:\/\/tosselilla.se\/de\/tivoli-skane\/","title":{"rendered":"Freizeitpark"},"content":{"rendered":"<div  class=\"lgc-column lgc-grid-parent lgc-grid-50 lgc-tablet-grid-50 lgc-mobile-grid-100 lgc-equal-heights\"><div  class=\"inside-grid-column\">\n<h2 class=\"blue-2\" style=\"text-align: left; margin-bottom: 1em;\"><b>Tivoli in Sk\u00e5ne mit atemberaubenden Attraktionen<\/b><\/h2>\n<p>Ein Besuch in Tosselilla ist erst komplett, wenn man die vielen Karussells und Fahrgesch\u00e4fte unseres Freizeitparks ausprobiert hat. Bei uns k\u00f6nnen Gro\u00df und Klein gemeinsam Spa\u00df haben. Willkommen in Tosselilla f\u00fcr einen Tag voller Lachen, Bauchkribbeln und wundervoller Erinnerungen!<\/p>\n<p><a class=\"btn small\" href=\"https:\/\/tosselilla.se\/de\/ticketpreise\/\" target=\"_blank\" rel=\"noopener noreferrer\">Tickets &amp; Preise ansehen<\/a><\/p>\n<p><\/p><\/div><\/div><div  class=\"lgc-column lgc-grid-parent lgc-grid-50 lgc-tablet-grid-50 lgc-mobile-grid-100 lgc-equal-heights last\"><div  class=\"inside-grid-column\"><br \/>\n<img loading=\"lazy\" decoding=\"async\" class=\"alignnone wp-image-2229\" src=\"https:\/\/tosselilla.se\/wp-content\/uploads\/2021\/04\/tivoliland-300x300.jpg\" alt=\"Karussell im Tosselilla Tivoli\" width=\"417\" height=\"417\" \/><br \/>\n<\/div><\/div><div class=\"lgc-clear\"><\/div>","protected":false},"excerpt":{"rendered":"","protected":false},"author":2,"featured_media":0,"parent":0,"menu_order":10,"comment_status":"closed","ping_status":"closed","template":"page-info.php","meta":{"_acf_changed":false,"footnotes":""},"class_list":["post-2506","page","type-page","status-publish","hentry"],"acf":[],"_links":{"self":[{"href":"https:\/\/tosselilla.se\/de\/wp-json\/wp\/v2\/pages\/2506","targetHints":{"allow":["GET"]}}],"collection":[{"href":"https:\/\/tosselilla.se\/de\/wp-json\/wp\/v2\/pages"}],"about":[{"href":"https:\/\/tosselilla.se\/de\/wp-json\/wp\/v2\/types\/page"}],"author":[{"embeddable":true,"href":"https:\/\/tosselilla.se\/de\/wp-json\/wp\/v2\/users\/2"}],"replies":[{"embeddable":true,"href":"https:\/\/tosselilla.se\/de\/wp-json\/wp\/v2\/comments?post=2506"}],"version-history":[{"count":5,"href":"https:\/\/tosselilla.se\/de\/wp-json\/wp\/v2\/pages\/2506\/revisions"}],"predecessor-version":[{"id":7394,"href":"https:\/\/tosselilla.se\/de\/wp-json\/wp\/v2\/pages\/2506\/revisions\/7394"}],"wp:attachment":[{"href":"https:\/\/tosselilla.se\/de\/wp-json\/wp\/v2\/media?parent=2506"}],"curies":[{"name":"wp","href":"https:\/\/api.w.org\/{rel}","templated":true}]}}