{"id":2509,"date":"2022-01-24T14:20:19","date_gmt":"2022-01-24T13:20:19","guid":{"rendered":"https:\/\/tosselilla.se\/?page_id=2509"},"modified":"2026-04-01T12:03:27","modified_gmt":"2026-04-01T10:03:27","slug":"in-den-scan-gehen","status":"publish","type":"page","link":"https:\/\/tosselilla.se\/de\/att-gora-i-skane\/","title":{"rendered":"Unternehmungen in Schonen"},"content":{"rendered":"<div  class=\"lgc-column lgc-grid-parent lgc-grid-50 lgc-tablet-grid-50 lgc-mobile-grid-100 lgc-equal-heights\"><div  class=\"inside-grid-column\">\n<h2 class=\"blue-2\" style=\"text-align: left; margin-bottom: 1em;\">Suchen Sie nach Aktivit\u00e4ten in Sk\u00e5ne mit Kindern?<\/h2>\n<p>Wenn Sie in Sk\u00e5ne mit Kindern Spa\u00df haben m\u00f6chten, ist Tosselilla Sommarland die perfekte Wahl f\u00fcr einen unvergesslichen Familientag. Bei uns finden Sie eine Vielzahl von Aktivit\u00e4ten f\u00fcr Jung und Alt, von <a href=\"https:\/\/tosselilla.se\/de\/kirmes-skan\/\" target=\"_blank\" rel=\"noopener noreferrer\">Vergn\u00fcgungspark<\/a>, <a href=\"https:\/\/tosselilla.se\/de\/land-des-wassers\/\" target=\"_blank\" rel=\"noopener noreferrer\">Wasserpark<\/a>, <a href=\"https:\/\/tosselilla.se\/de\/aktivitaten\/?_sft_kategori=tossearken\" target=\"_blank\" rel=\"noopener noreferrer\">Zoo<\/a> und vieles mehr. Willkommen zum gro\u00dfen Familienabenteuer des Sommers!<\/p>\n<p><a class=\"btn small\" href=\"https:\/\/tosselilla.se\/de\/ticketpreise\/\" target=\"_blank\" rel=\"noopener noreferrer\">Eintrittskarten ansehen<\/a><\/p>\n<p><\/p><\/div><\/div><div  class=\"lgc-column lgc-grid-parent lgc-grid-50 lgc-tablet-grid-50 lgc-mobile-grid-100 lgc-equal-heights last\"><div  class=\"inside-grid-column\"><br \/>\n<img loading=\"lazy\" decoding=\"async\" class=\"alignnone wp-image-626\" src=\"https:\/\/tosselilla.se\/wp-content\/uploads\/2020\/04\/hyper_bild-300x300.jpg\" alt=\"Eines der vielen Dinge, die man in Scania im Tosselilla Sommarland unternehmen kann, ist das Rutschen auf der Wasserrutsche\" width=\"458\" height=\"458\" \/><br \/>\n<\/div><\/div><div class=\"lgc-clear\"><\/div>","protected":false},"excerpt":{"rendered":"","protected":false},"author":2,"featured_media":0,"parent":0,"menu_order":8,"comment_status":"closed","ping_status":"closed","template":"page-info.php","meta":{"_acf_changed":false,"footnotes":""},"class_list":["post-2509","page","type-page","status-publish","hentry"],"acf":[],"_links":{"self":[{"href":"https:\/\/tosselilla.se\/de\/wp-json\/wp\/v2\/pages\/2509","targetHints":{"allow":["GET"]}}],"collection":[{"href":"https:\/\/tosselilla.se\/de\/wp-json\/wp\/v2\/pages"}],"about":[{"href":"https:\/\/tosselilla.se\/de\/wp-json\/wp\/v2\/types\/page"}],"author":[{"embeddable":true,"href":"https:\/\/tosselilla.se\/de\/wp-json\/wp\/v2\/users\/2"}],"replies":[{"embeddable":true,"href":"https:\/\/tosselilla.se\/de\/wp-json\/wp\/v2\/comments?post=2509"}],"version-history":[{"count":5,"href":"https:\/\/tosselilla.se\/de\/wp-json\/wp\/v2\/pages\/2509\/revisions"}],"predecessor-version":[{"id":8102,"href":"https:\/\/tosselilla.se\/de\/wp-json\/wp\/v2\/pages\/2509\/revisions\/8102"}],"wp:attachment":[{"href":"https:\/\/tosselilla.se\/de\/wp-json\/wp\/v2\/media?parent=2509"}],"curies":[{"name":"wp","href":"https:\/\/api.w.org\/{rel}","templated":true}]}}