{"id":3,"date":"2020-03-10T12:20:43","date_gmt":"2020-03-10T11:20:43","guid":{"rendered":"https:\/\/tosselilla.se\/?page_id=3"},"modified":"2020-04-23T13:56:40","modified_gmt":"2020-04-23T11:56:40","slug":"datenschutz-bestimmungen","status":"publish","type":"page","link":"https:\/\/tosselilla.se\/de\/integritetspolicy\/","title":{"rendered":"Datenschutz-Bestimmungen"},"content":{"rendered":"<div  class=\"lgc-column lgc-grid-parent lgc-grid-50 lgc-tablet-grid-50 lgc-mobile-grid-100 lgc-equal-heights\"><div  class=\"inside-grid-column\">\n<p><strong>Warum sollte ich diese Richtlinie lesen?<\/strong><br \/>\nDiese Richtlinie beschreibt, wie wir bei Tosselilla Sommarland Ihre personenbezogenen Daten erheben, verwenden und sch\u00fctzen.<\/p>\n<p><strong>Welche Informationen k\u00f6nnen wir sammeln?<\/strong><br \/>\nTosselilla Sommarland sammelt und verarbeitet Informationen in den unten aufgef\u00fchrten Bereichen und Funktionen. Die Informationen k\u00f6nnen gesammelt werden, wenn Sie bei uns einkaufen oder uns kontaktieren und Sie personenbezogene Daten angeben. Diese Daten k\u00f6nnen sein:<\/p>\n<p>E-Mail-Addresse<br \/>\nName<br \/>\nAdresse<br \/>\nTelefonnummer<br \/>\nIdentifikationsdaten<br \/>\nSozialversicherungsnummer in einigen F\u00e4llen<br \/>\nKontonummer in einigen F\u00e4llen<br \/>\nDar\u00fcber hinaus kann Tosselilla Sommarland technische Daten \u00fcber die Ger\u00e4te sammeln, die Sie verwenden, um auf unsere Kan\u00e4le zuzugreifen, einschlie\u00dflich IP-Adresse, Browsertyp und Cookie-Informationen. Wenn Sie uns \u00fcber unsere Social-Media-Konten (d. h. Plattformen von Drittanbietern wie Facebook und Instagram) besuchen oder mit uns kommunizieren, erh\u00e4lt Tosselilla Sommarland m\u00f6glicherweise Informationen zu Ihrem Profil und Ihren Interaktionen auf der Drittanbieter-Plattform vom Anbieter derselben .<\/p>\n<p><strong>Wie werden Sie meine Informationen verwenden?<\/strong>Wir m\u00fcssen etwas \u00fcber Sie wissen, um Ihre Angelegenheiten in unserem Kundenservice zu bearbeiten. Wir werden nicht mehr Informationen sammeln, als wir ben\u00f6tigen, um unsere Dienstleistungen f\u00fcr Sie bereitzustellen.<\/p>\n<p><strong>Wie lange speichern wir Ihre Daten?<\/strong><br \/>\nWir speichern Ihre personenbezogenen Daten nur so lange, wie es zur Erf\u00fcllung der in dieser Richtlinie genannten Zwecke erforderlich ist. Wenn wir Ihre Daten f\u00fcr andere Zwecke speichern, z.B. Zur Erf\u00fcllung von Abrechnungspflichten speichern wir Ihre Daten nur so lange, wie es f\u00fcr den jeweiligen Zweck erforderlich und\/oder gesetzlich vorgeschrieben ist. Wir werden regelm\u00e4\u00dfige Durchforstungen durchf\u00fchren und personenbezogene Daten entfernen, wenn sie nicht mehr ben\u00f6tigt werden.<\/p>\n<p>Informationen, die wir f\u00fcr das Versenden von Newslettern oder Marketing verwenden, werden bis zu dem Zeitpunkt aufbewahrt, an dem Sie sich vom Abonnement abmelden.<\/p>\n<p><strong>Mit wem teilen Sie meine Informationen?<\/strong><br \/>\nIhre personenbezogenen Daten werden von Tosselilla Sommarland verarbeitet. Ihre personenbezogenen Daten werden nur dann an andere Dritte weitergegeben, wenn dies aufgrund gesetzlicher Vorschriften erforderlich ist oder damit wir unsere Rechte oder die eines Dritten sch\u00fctzen k\u00f6nnen.<\/p>\n<p>Wenn Sie soziale Medien verwenden, zum Beispiel Facebook oder Instagram, um mit Tosselilla Sommarland in Kontakt zu treten, werden die Informationen und personenbezogenen Daten immer an Dritte (d. h. das Unternehmen\/die Organisation, die die sozialen Medien betreibt) \u00fcbertragen. In Ihrem eigenen Interesse raten wir Ihnen, uns keine sensiblen Informationen \u00fcber soziale Medien zu senden.<\/p>\n<p><\/p><\/div><\/div>\n<div  class=\"lgc-column lgc-grid-parent lgc-grid-50 lgc-tablet-grid-50 lgc-mobile-grid-100 lgc-equal-heights last\"><div  class=\"inside-grid-column\">\n<p><strong>Wo haben wir Ihre Informationen?<\/strong><br \/>\nWir werden Ihre personenbezogenen Daten gr\u00f6\u00dftenteils innerhalb der EU\/ESS verarbeiten. Wenn personenbezogene Daten in ein Land au\u00dferhalb der EU\/des EWR \u00fcbertragen oder dort verarbeitet werden, stellt Tosselilla Sommarland sicher, dass Ihre personenbezogenen Daten sicher und mit einem angemessenen Schutzniveau behandelt werden, das mit dem innerhalb der EU\/des EWR angebotenen Schutz vergleichbar ist.<\/p>\n<p><strong>Welche Rechte haben Sie?<\/strong><br \/>\nAuskunftsrecht: Sie k\u00f6nnen verlangen, eine Kopie der personenbezogenen Daten zu erhalten, die wir \u00fcber Sie haben.<\/p>\n<p>Recht auf Berichtigung: Wir m\u00f6chten sicherstellen, dass Ihre Informationen aktuell und richtig sind. Sie k\u00f6nnen verlangen, dass Ihre Informationen korrigiert oder entfernt werden, wenn Sie glauben, dass sie falsch sind.<\/p>\n<p>Recht auf L\u00f6schung: Sie k\u00f6nnen verlangen, dass wir Ihre personenbezogenen Daten l\u00f6schen. Wir d\u00fcrfen keine Informationen l\u00f6schen, zu deren Aufbewahrung wir gesetzlich verpflichtet sind.<\/p>\n<p>Daten\u00fcbertragbarkeit: Sie k\u00f6nnen uns bitten, Ihre personenbezogenen Daten aus unserer IT-Umgebung an jemand anderen zu \u00fcbertragen, entweder an ein anderes Unternehmen oder an Sie. Dies gilt nicht f\u00fcr Daten, zu deren Aufbewahrung wir gesetzlich verpflichtet sind.<\/p>\n<p>Einwilligung widerrufen: Sie k\u00f6nnen Ihre Einwilligung zur Weitergabe Ihrer Daten oder zum Erhalt von Marketing\/Mailings jederzeit widerrufen. Entweder indem Sie sich von der Benachrichtigung abmelden oder uns per E-Mail kontaktieren.<\/p>\n<p>Beschwerden: Sie k\u00f6nnen eine Beschwerde bei der Datenschutzbeh\u00f6rde einreichen, wenn Sie der Meinung sind, dass wir Ihre personenbezogenen Daten unter Versto\u00df gegen die Datenschutzverordnung verarbeiten.<\/p>\n<p><strong>Wie kann ich meine Rechte nutzen?<\/strong><br \/>\nWenn Sie Fragen dazu haben, wie Tosselilla Sommarland mit Ihren personenbezogenen Daten umgeht, oder wenn Sie Ihre Rechte aus\u00fcben m\u00f6chten, z\u00f6gern Sie nicht, uns unter info@tosselilla.se oder per Post an Tosselilla Sommarland, Svampakorset, 273 97 Tomelilla, zu kontaktieren. Markieren Sie den Brief mit \u201eDSGVO\u201c.<\/p>\n<p><strong>Aktualisierungen dieser Richtlinie<\/strong><br \/>\nWir k\u00f6nnen diese Richtlinie aktualisieren und werden sie dann auf dieser Website ver\u00f6ffentlichen. Diese Richtlinie wurde zuletzt am 25. Mai 2018 aktualisiert.<\/p>\n<p><strong>So erreichen Sie uns<\/strong><br \/>\nWenn Sie Fragen zu dieser Richtlinie oder dazu haben, wie wir Ihre Informationen oder Ihre Rechte verwenden, k\u00f6nnen Sie uns unter der folgenden Adresse kontaktieren:<\/p>\n<p>Tosselilla Sommerland<br \/>\nDas Pilzkreuz<br \/>\n273 97 Tomelilla<br \/>\nE-Mail: info@tosselilla.se<\/p>\n<p><\/p><\/div><\/div>\n<p>&nbsp;<\/p>\n<p>&nbsp;<\/p>","protected":false},"excerpt":{"rendered":"<p>&nbsp; &nbsp;<\/p>","protected":false},"author":1,"featured_media":0,"parent":0,"menu_order":19,"comment_status":"closed","ping_status":"open","template":"","meta":{"_acf_changed":false,"footnotes":""},"class_list":["post-3","page","type-page","status-publish","hentry"],"acf":[],"_links":{"self":[{"href":"https:\/\/tosselilla.se\/de\/wp-json\/wp\/v2\/pages\/3","targetHints":{"allow":["GET"]}}],"collection":[{"href":"https:\/\/tosselilla.se\/de\/wp-json\/wp\/v2\/pages"}],"about":[{"href":"https:\/\/tosselilla.se\/de\/wp-json\/wp\/v2\/types\/page"}],"author":[{"embeddable":true,"href":"https:\/\/tosselilla.se\/de\/wp-json\/wp\/v2\/users\/1"}],"replies":[{"embeddable":true,"href":"https:\/\/tosselilla.se\/de\/wp-json\/wp\/v2\/comments?post=3"}],"version-history":[{"count":0,"href":"https:\/\/tosselilla.se\/de\/wp-json\/wp\/v2\/pages\/3\/revisions"}],"wp:attachment":[{"href":"https:\/\/tosselilla.se\/de\/wp-json\/wp\/v2\/media?parent=3"}],"curies":[{"name":"wp","href":"https:\/\/api.w.org\/{rel}","templated":true}]}}