{"id":3917,"date":"2022-04-11T10:43:37","date_gmt":"2022-04-11T08:43:37","guid":{"rendered":"https:\/\/tosselilla.se\/?page_id=3917"},"modified":"2026-03-13T13:50:14","modified_gmt":"2026-03-13T12:50:14","slug":"tatsache","status":"publish","type":"page","link":"https:\/\/tosselilla.se\/de\/sakerhet\/","title":{"rendered":"Sicherheit"},"content":{"rendered":"<h1 class=\"blue-1\">Sicherheit<\/h1>\n<p>Tosselilla Sommarland ist ein Outdoor-Park mit einer gro\u00dfen Fl\u00e4che (500.000 m2) und gro\u00dfen Gr\u00fcnfl\u00e4chen, und wir tun alles, um unseren Besuchern ein m\u00f6glichst sicheres Erlebnis zu bieten:<\/p>","protected":false},"excerpt":{"rendered":"<p>Sicherheit Tosselilla Sommarland ist ein Outdoor-Park mit einer gro\u00dfen Fl\u00e4che (500.000 m2) und gro\u00dfen Gr\u00fcnfl\u00e4chen, und wir tun alles, was wir k\u00f6nnen, um sicherzustellen, dass unsere Besucher so sicher sind\u2026 <\/p>\n<div class=\"button-container\"><a class=\"btn small\" href=\"https:\/\/tosselilla.se\/de\/sakerhet\/\">Weiterlesen<\/a><\/div>","protected":false},"author":1,"featured_media":0,"parent":0,"menu_order":6,"comment_status":"closed","ping_status":"closed","template":"page-text.php","meta":{"_acf_changed":false,"footnotes":""},"class_list":["post-3917","page","type-page","status-publish","hentry"],"acf":[],"_links":{"self":[{"href":"https:\/\/tosselilla.se\/de\/wp-json\/wp\/v2\/pages\/3917","targetHints":{"allow":["GET"]}}],"collection":[{"href":"https:\/\/tosselilla.se\/de\/wp-json\/wp\/v2\/pages"}],"about":[{"href":"https:\/\/tosselilla.se\/de\/wp-json\/wp\/v2\/types\/page"}],"author":[{"embeddable":true,"href":"https:\/\/tosselilla.se\/de\/wp-json\/wp\/v2\/users\/1"}],"replies":[{"embeddable":true,"href":"https:\/\/tosselilla.se\/de\/wp-json\/wp\/v2\/comments?post=3917"}],"version-history":[{"count":4,"href":"https:\/\/tosselilla.se\/de\/wp-json\/wp\/v2\/pages\/3917\/revisions"}],"predecessor-version":[{"id":8062,"href":"https:\/\/tosselilla.se\/de\/wp-json\/wp\/v2\/pages\/3917\/revisions\/8062"}],"wp:attachment":[{"href":"https:\/\/tosselilla.se\/de\/wp-json\/wp\/v2\/media?parent=3917"}],"curies":[{"name":"wp","href":"https:\/\/api.w.org\/{rel}","templated":true}]}}