{"id":3932,"date":"2022-04-11T11:17:25","date_gmt":"2022-04-11T09:17:25","guid":{"rendered":"https:\/\/tosselilla.se\/?page_id=3932"},"modified":"2022-04-13T16:40:38","modified_gmt":"2022-04-13T14:40:38","slug":"barrierefreiheit","status":"publish","type":"page","link":"https:\/\/tosselilla.se\/de\/tillganglighet\/","title":{"rendered":"Verf\u00fcgbarkeit"},"content":{"rendered":"<h1 class=\"blue-1\">Verf\u00fcgbarkeit<\/h1>\n<p>Tosselilla m\u00f6chte, dass der Park f\u00fcr alle zug\u00e4nglich ist, und arbeitet hart an diesem Ziel. Hier sind einige Dinge, die gut zu wissen sein k\u00f6nnten:<\/p>","protected":false},"excerpt":{"rendered":"<p>Barrierefreiheit Tosselilla m\u00f6chte, dass der Park f\u00fcr jedermann zug\u00e4nglich ist, und arbeitet hart daran, dieses Ziel zu erreichen. Hier sind einige Dinge, die Sie wissen sollten:<\/p>","protected":false},"author":1,"featured_media":0,"parent":0,"menu_order":5,"comment_status":"closed","ping_status":"closed","template":"page-text.php","meta":{"_acf_changed":false,"footnotes":""},"class_list":["post-3932","page","type-page","status-publish","hentry"],"acf":[],"_links":{"self":[{"href":"https:\/\/tosselilla.se\/de\/wp-json\/wp\/v2\/pages\/3932","targetHints":{"allow":["GET"]}}],"collection":[{"href":"https:\/\/tosselilla.se\/de\/wp-json\/wp\/v2\/pages"}],"about":[{"href":"https:\/\/tosselilla.se\/de\/wp-json\/wp\/v2\/types\/page"}],"author":[{"embeddable":true,"href":"https:\/\/tosselilla.se\/de\/wp-json\/wp\/v2\/users\/1"}],"replies":[{"embeddable":true,"href":"https:\/\/tosselilla.se\/de\/wp-json\/wp\/v2\/comments?post=3932"}],"version-history":[{"count":0,"href":"https:\/\/tosselilla.se\/de\/wp-json\/wp\/v2\/pages\/3932\/revisions"}],"wp:attachment":[{"href":"https:\/\/tosselilla.se\/de\/wp-json\/wp\/v2\/media?parent=3932"}],"curies":[{"name":"wp","href":"https:\/\/api.w.org\/{rel}","templated":true}]}}