{"id":3933,"date":"2022-04-11T11:19:59","date_gmt":"2022-04-11T09:19:59","guid":{"rendered":"https:\/\/tosselilla.se\/?page_id=3933"},"modified":"2022-04-13T16:39:51","modified_gmt":"2022-04-13T14:39:51","slug":"wartbarkeit","status":"publish","type":"page","link":"https:\/\/tosselilla.se\/de\/hallbarhet\/","title":{"rendered":"Nachhaltigkeit"},"content":{"rendered":"<h1 class=\"blue-1\">Nachhaltigkeit<\/h1>\n<p>Tosselilla hei\u00dft alle willkommen, unabh\u00e4ngig von ihrem Hintergrund. Das k\u00f6nnen wir dank unserer gro\u00dfen Bandbreite und Vielfalt an Erfahrungen und Aktivit\u00e4ten. Die Arbeit an einem nachhaltigeren Park ist in st\u00e4ndiger Bewegung. Wir werden Sie auf dem Laufenden halten, w\u00e4hrend wir auf neue Ziele hinarbeiten:<\/p>","protected":false},"excerpt":{"rendered":"<p>Nachhaltigkeit Tosselilla hei\u00dft alle willkommen, unabh\u00e4ngig von ihrem Hintergrund. Das k\u00f6nnen wir dank unserer gro\u00dfen Bandbreite und Vielfalt an Erfahrungen und Aktivit\u00e4ten. Die Arbeit an einem nachhaltigeren Park ist in st\u00e4ndiger\u2026 <\/p>\n<div class=\"button-container\"><a class=\"btn small\" href=\"https:\/\/tosselilla.se\/de\/hallbarhet\/\">Weiterlesen<\/a><\/div>","protected":false},"author":1,"featured_media":0,"parent":0,"menu_order":0,"comment_status":"closed","ping_status":"closed","template":"page-text.php","meta":{"_acf_changed":false,"footnotes":""},"class_list":["post-3933","page","type-page","status-publish","hentry"],"acf":[],"_links":{"self":[{"href":"https:\/\/tosselilla.se\/de\/wp-json\/wp\/v2\/pages\/3933","targetHints":{"allow":["GET"]}}],"collection":[{"href":"https:\/\/tosselilla.se\/de\/wp-json\/wp\/v2\/pages"}],"about":[{"href":"https:\/\/tosselilla.se\/de\/wp-json\/wp\/v2\/types\/page"}],"author":[{"embeddable":true,"href":"https:\/\/tosselilla.se\/de\/wp-json\/wp\/v2\/users\/1"}],"replies":[{"embeddable":true,"href":"https:\/\/tosselilla.se\/de\/wp-json\/wp\/v2\/comments?post=3933"}],"version-history":[{"count":0,"href":"https:\/\/tosselilla.se\/de\/wp-json\/wp\/v2\/pages\/3933\/revisions"}],"wp:attachment":[{"href":"https:\/\/tosselilla.se\/de\/wp-json\/wp\/v2\/media?parent=3933"}],"curies":[{"name":"wp","href":"https:\/\/api.w.org\/{rel}","templated":true}]}}