{"id":3947,"date":"2022-04-28T15:18:57","date_gmt":"2022-04-28T13:18:57","guid":{"rendered":"https:\/\/tosselilla.se\/?page_id=3947"},"modified":"2022-07-16T09:51:59","modified_gmt":"2022-07-16T07:51:59","slug":"forza","status":"publish","type":"page","link":"https:\/\/tosselilla.se\/de\/forza\/","title":{"rendered":"Forza"},"content":{"rendered":"<div  class=\"lgc-column lgc-grid-parent lgc-grid-50 lgc-tablet-grid-50 lgc-mobile-grid-100 lgc-equal-heights\"><div  class=\"inside-grid-column\">\n<p class=\"blue-2\">Forza auf Tosselilla<\/p>\n<p>Forza ist das neue Projekt dieses Sommers bei Tosselilla. Diese Achterbahn beschleunigt auf eine H\u00f6chstgeschwindigkeit von 60 km\/h und Sie erleben atemberaubende G-Kr\u00e4fte. Wenn Sie Geschwindigkeit m\u00f6gen und wenn Ihr Magen kitzelt, m\u00fcssen Sie es einfach versuchen. Forza garantiert ein aufregendes Erlebnis, das Sie so schnell nicht vergessen werden. Die Berg- und Talbahn ist f\u00fcr gro\u00dfe und kleine Besucher des Tivolilandes geeignet. Zum Fahren zahlt man nur den Eintritt und kann dann so viel fahren wie man m\u00f6chte. Wir haben auch kostenlose Parkpl\u00e4tze f\u00fcr alle Besucher.<\/p>\n<p><a class=\"btn small\" href=\"https:\/\/tosselilla.se\/wp-content\/uploads\/2020\/05\/karta_full-scaled.jpg\" target=\"_blank\" rel=\"noopener noreferrer\">Sehen Sie hier das gesamte Sommerland<\/a><\/p>\n<p><\/p><\/div><\/div><div  class=\"lgc-column lgc-grid-parent lgc-grid-50 lgc-tablet-grid-50 lgc-mobile-grid-100 lgc-equal-heights last\"><div  class=\"inside-grid-column\"><br \/>\n<img loading=\"lazy\" decoding=\"async\" class=\"alignnone wp-image-3975\" src=\"https:\/\/tosselilla.se\/wp-content\/uploads\/2022\/05\/Forza-logotyp-1-300x169.png\" alt=\"\" width=\"621\" height=\"350\"><br \/>\n<\/div><\/div><div class=\"lgc-clear\"><\/div>","protected":false},"excerpt":{"rendered":"","protected":false},"author":2,"featured_media":0,"parent":0,"menu_order":4,"comment_status":"closed","ping_status":"closed","template":"page-text.php","meta":{"_acf_changed":false,"footnotes":""},"class_list":["post-3947","page","type-page","status-publish","hentry"],"acf":[],"_links":{"self":[{"href":"https:\/\/tosselilla.se\/de\/wp-json\/wp\/v2\/pages\/3947","targetHints":{"allow":["GET"]}}],"collection":[{"href":"https:\/\/tosselilla.se\/de\/wp-json\/wp\/v2\/pages"}],"about":[{"href":"https:\/\/tosselilla.se\/de\/wp-json\/wp\/v2\/types\/page"}],"author":[{"embeddable":true,"href":"https:\/\/tosselilla.se\/de\/wp-json\/wp\/v2\/users\/2"}],"replies":[{"embeddable":true,"href":"https:\/\/tosselilla.se\/de\/wp-json\/wp\/v2\/comments?post=3947"}],"version-history":[{"count":0,"href":"https:\/\/tosselilla.se\/de\/wp-json\/wp\/v2\/pages\/3947\/revisions"}],"wp:attachment":[{"href":"https:\/\/tosselilla.se\/de\/wp-json\/wp\/v2\/media?parent=3947"}],"curies":[{"name":"wp","href":"https:\/\/api.w.org\/{rel}","templated":true}]}}