{"id":1280,"date":"2020-04-29T14:54:03","date_gmt":"2020-04-29T12:54:03","guid":{"rendered":"https:\/\/tosselilla.se\/?page_id=1280"},"modified":"2021-02-26T10:34:57","modified_gmt":"2021-02-26T09:34:57","slug":"finde-her","status":"publish","type":"page","link":"https:\/\/tosselilla.se\/dk\/hitta-hit\/","title":{"rendered":"Find her"},"content":{"rendered":"<div  class=\"lgc-column lgc-grid-parent lgc-grid-55 lgc-tablet-grid-55 lgc-mobile-grid-100 lgc-equal-heights\"><div  class=\"inside-grid-column\">\n<p class=\"blue-1\">Find til Tosselilla<\/p>\n<p>Det tager cirka 40 minutter fra Lund og 50 minutter fra henholdsvis Malm\u00f8 og Kristianstad. N\u00e5r du n\u00e5r Tomelilla, er Tosselilla godt skiltet. Fra Malm\u00f8 er den nemmeste m\u00e5de at k\u00f8re p\u00e5 via Staffanstorp, Dalby og Sj\u00f6bo. N\u00e5r man kommer fra det nordvestlige Sk\u00e5ne, er den n\u00e6rmeste indflyvning via H\u00f6\u00f6r, H\u00f6rby og Sj\u00f6bo.<\/p>\n<h3>Rejs til Tosselilla med tog og bus<\/h3>\n<p>Rejs til Tosselilla med tog og bus: G\u00e5 til\u00a0<a href=\"https:\/\/www.skanetrafiken.se\/\" target=\"_blank\" rel=\"noopener noreferrer\">www.skanetrafiken.se<\/a>\u00a0og klik p\u00e5 Rejseplanl\u00e6ggeren eller ring p\u00e5 0771 77 77 77. N\u00e6rmeste stop til Tosselilla hedder Svampakorset, derefter er det en g\u00e5tur p\u00e5 cirka 10 minutter.<\/p>\n<p><\/p><\/div><\/div><div  class=\"lgc-column lgc-grid-parent lgc-grid-45 lgc-tablet-grid-45 lgc-mobile-grid-100 lgc-equal-heights facts\"><div  class=\"inside-grid-column\">\n<h3>GPS-koordinater (WGS 84)<\/h3>\n<div class=\"list-row clearfix\"><span class=\"label\">Doven:<\/span><span class=\"list-content\">55.554753<\/span><\/div>\n<div class=\"list-row clearfix\"><span class=\"label\">Lang:<\/span><span class=\"list-content\">13.902720<\/span><\/div>\n<p><\/p><\/div><\/div><div class=\"lgc-clear\"><\/div>","protected":false},"excerpt":{"rendered":"","protected":false},"author":1,"featured_media":1321,"parent":0,"menu_order":15,"comment_status":"closed","ping_status":"closed","template":"","meta":{"_acf_changed":false,"footnotes":""},"class_list":["post-1280","page","type-page","status-publish","has-post-thumbnail","hentry"],"acf":[],"_links":{"self":[{"href":"https:\/\/tosselilla.se\/dk\/wp-json\/wp\/v2\/pages\/1280","targetHints":{"allow":["GET"]}}],"collection":[{"href":"https:\/\/tosselilla.se\/dk\/wp-json\/wp\/v2\/pages"}],"about":[{"href":"https:\/\/tosselilla.se\/dk\/wp-json\/wp\/v2\/types\/page"}],"author":[{"embeddable":true,"href":"https:\/\/tosselilla.se\/dk\/wp-json\/wp\/v2\/users\/1"}],"replies":[{"embeddable":true,"href":"https:\/\/tosselilla.se\/dk\/wp-json\/wp\/v2\/comments?post=1280"}],"version-history":[{"count":0,"href":"https:\/\/tosselilla.se\/dk\/wp-json\/wp\/v2\/pages\/1280\/revisions"}],"wp:featuredmedia":[{"embeddable":true,"href":"https:\/\/tosselilla.se\/dk\/wp-json\/wp\/v2\/media\/1321"}],"wp:attachment":[{"href":"https:\/\/tosselilla.se\/dk\/wp-json\/wp\/v2\/media?parent=1280"}],"curies":[{"name":"wp","href":"https:\/\/api.w.org\/{rel}","templated":true}]}}