{"id":1289,"date":"2020-04-29T15:31:00","date_gmt":"2020-04-29T13:31:00","guid":{"rendered":"https:\/\/tosselilla.se\/?page_id=1289"},"modified":"2025-02-26T09:22:36","modified_gmt":"2025-02-26T08:22:36","slug":"om-tosselilla","status":"publish","type":"page","link":"https:\/\/tosselilla.se\/dk\/om-tosselilla\/","title":{"rendered":"Om Tosselilla"},"content":{"rendered":"<p class=\"blue-1\">Sk\u00e5nes st\u00f8rste forlystelsespark<\/p>\n<p>Tosselilla er et dejligt sommerland beliggende i smuk natur midt i \u00d6sterlen. Vi har masser af aktiviteter for b\u00e5de store og sm\u00e5. Her kan du se et lille udpluk af alt det sjove, som Tosselilla har at byde p\u00e5:<\/p>","protected":false},"excerpt":{"rendered":"<p>Sk\u00e5nes st\u00f8rste forlystelsespark, Tosselilla, er et dejligt sommerland beliggende i smuk natur midt p\u00e5 \u00d6sterlen. Vi har masser af aktiviteter for b\u00e5de store og sm\u00e5. Her kan du se en\u2026 <\/p>\n<div class=\"button-container\"><a class=\"btn small\" href=\"https:\/\/tosselilla.se\/dk\/om-tosselilla\/\">L\u00e6s mere<\/a><\/div>","protected":false},"author":1,"featured_media":1318,"parent":0,"menu_order":14,"comment_status":"closed","ping_status":"closed","template":"","meta":{"_acf_changed":false,"footnotes":""},"class_list":["post-1289","page","type-page","status-publish","has-post-thumbnail","hentry"],"acf":[],"_links":{"self":[{"href":"https:\/\/tosselilla.se\/dk\/wp-json\/wp\/v2\/pages\/1289","targetHints":{"allow":["GET"]}}],"collection":[{"href":"https:\/\/tosselilla.se\/dk\/wp-json\/wp\/v2\/pages"}],"about":[{"href":"https:\/\/tosselilla.se\/dk\/wp-json\/wp\/v2\/types\/page"}],"author":[{"embeddable":true,"href":"https:\/\/tosselilla.se\/dk\/wp-json\/wp\/v2\/users\/1"}],"replies":[{"embeddable":true,"href":"https:\/\/tosselilla.se\/dk\/wp-json\/wp\/v2\/comments?post=1289"}],"version-history":[{"count":6,"href":"https:\/\/tosselilla.se\/dk\/wp-json\/wp\/v2\/pages\/1289\/revisions"}],"predecessor-version":[{"id":7381,"href":"https:\/\/tosselilla.se\/dk\/wp-json\/wp\/v2\/pages\/1289\/revisions\/7381"}],"wp:featuredmedia":[{"embeddable":true,"href":"https:\/\/tosselilla.se\/dk\/wp-json\/wp\/v2\/media\/1318"}],"wp:attachment":[{"href":"https:\/\/tosselilla.se\/dk\/wp-json\/wp\/v2\/media?parent=1289"}],"curies":[{"name":"wp","href":"https:\/\/api.w.org\/{rel}","templated":true}]}}