{"id":2,"date":"2020-03-10T12:20:43","date_gmt":"2020-03-10T11:20:43","guid":{"rendered":"https:\/\/tosselilla.se\/?page_id=2"},"modified":"2026-04-20T15:20:32","modified_gmt":"2026-04-20T13:20:32","slug":"til-besoget","status":"publish","type":"page","link":"https:\/\/tosselilla.se\/dk\/infor-besoket\/","title":{"rendered":"F\u00f8r bes\u00f8get"},"content":{"rendered":"<div  class=\"lgc-column lgc-grid-parent lgc-grid-50 lgc-tablet-grid-50 lgc-mobile-grid-100 lgc-equal-heights\"><div  class=\"inside-grid-column\">\n<p class=\"blue-2\">Tosselilla-kortet<\/p>\n<p>Har du brug for lidt mere fugleperspektiv p\u00e5 livet? P\u00e5 Tosselilla-kortet kan du se, hvor de forskellige aktiviteter er i forhold til hinanden, s\u00e5 du kan planl\u00e6gge dit bes\u00f8g ned til mindste detalje!<\/p>\n<div class=\"button-container\"><a class=\"btn small\" href=\"https:\/\/tosselilla.se\/wp-content\/uploads\/2025\/07\/Tosselilla_Karta_2025.jpg\" target=\"_blank\" rel=\"noopener noreferrer\">Se hele kortet<\/a><\/div>\n<p><\/p><\/div><\/div><div  class=\"lgc-column lgc-grid-parent lgc-grid-50 lgc-tablet-grid-50 lgc-mobile-grid-100 lgc-equal-heights last\"><div  class=\"inside-grid-column\"><br \/>\n<img loading=\"lazy\" decoding=\"async\" class=\"alignnone wp-image-5019 size-large\" src=\"https:\/\/tosselilla.se\/wp-content\/uploads\/2023\/02\/karta_bild-1024x523.png\" alt=\"\" width=\"640\" height=\"327\"><br \/>\n<\/div><\/div><div class=\"lgc-clear\"><\/div>","protected":false},"excerpt":{"rendered":"","protected":false},"author":1,"featured_media":0,"parent":0,"menu_order":20,"comment_status":"closed","ping_status":"closed","template":"page-info.php","meta":{"_acf_changed":false,"footnotes":""},"class_list":["post-2","page","type-page","status-publish","hentry"],"acf":[],"_links":{"self":[{"href":"https:\/\/tosselilla.se\/dk\/wp-json\/wp\/v2\/pages\/2","targetHints":{"allow":["GET"]}}],"collection":[{"href":"https:\/\/tosselilla.se\/dk\/wp-json\/wp\/v2\/pages"}],"about":[{"href":"https:\/\/tosselilla.se\/dk\/wp-json\/wp\/v2\/types\/page"}],"author":[{"embeddable":true,"href":"https:\/\/tosselilla.se\/dk\/wp-json\/wp\/v2\/users\/1"}],"replies":[{"embeddable":true,"href":"https:\/\/tosselilla.se\/dk\/wp-json\/wp\/v2\/comments?post=2"}],"version-history":[{"count":6,"href":"https:\/\/tosselilla.se\/dk\/wp-json\/wp\/v2\/pages\/2\/revisions"}],"predecessor-version":[{"id":8128,"href":"https:\/\/tosselilla.se\/dk\/wp-json\/wp\/v2\/pages\/2\/revisions\/8128"}],"wp:attachment":[{"href":"https:\/\/tosselilla.se\/dk\/wp-json\/wp\/v2\/media?parent=2"}],"curies":[{"name":"wp","href":"https:\/\/api.w.org\/{rel}","templated":true}]}}