{"id":2287,"date":"2021-05-27T14:48:55","date_gmt":"2021-05-27T12:48:55","guid":{"rendered":"https:\/\/tosselilla.se\/?page_id=2287"},"modified":"2021-07-06T21:02:08","modified_gmt":"2021-07-06T19:02:08","slug":"information-om-covid-19","status":"publish","type":"page","link":"https:\/\/tosselilla.se\/dk\/information-om-covid-19\/","title":{"rendered":"Information om covid-19"},"content":{"rendered":"<p class=\"blue-1\">Information om covid-19<\/p>\n<p>Tosselilla Sommarland er en udend\u00f8rs park med et stort areal (500.000 m2) og store gr\u00f8nne omr\u00e5der, med meget f\u00e5 steder, hvor bes\u00f8gende kan opholde sig indend\u00f8rs. Men vi g\u00f8r stadig alt, hvad vi kan for at forhindre spredningen af covid-19. Tosselilla f\u00f8lger Visitas retningslinjer for &quot;sikkert at bes\u00f8ge&quot;.<\/p>\n<p><img loading=\"lazy\" decoding=\"async\" class=\"safe-to-visit alignnone wp-image-2291\" src=\"https:\/\/tosselilla.se\/wp-content\/uploads\/2021\/05\/Safe-to-visit-rund-digital-150x150.png\" alt=\"\" width=\"120\" height=\"120\"><\/p>","protected":false},"excerpt":{"rendered":"<p>Information om covid-19 Tosselilla Sommarland er en udend\u00f8rs park med et stort areal (500.000 m2) og store gr\u00f8nne omr\u00e5der, med meget f\u00e5 steder, hvor bes\u00f8gende kan opholde sig indend\u00f8rs. Men det g\u00f8r vi stadig... <\/p>\n<div class=\"button-container\"><a class=\"btn small\" href=\"https:\/\/tosselilla.se\/dk\/information-om-covid-19\/\">L\u00e6s mere<\/a><\/div>","protected":false},"author":1,"featured_media":2292,"parent":0,"menu_order":11,"comment_status":"closed","ping_status":"closed","template":"","meta":{"_acf_changed":false,"footnotes":""},"class_list":["post-2287","page","type-page","status-publish","has-post-thumbnail","hentry"],"acf":[],"_links":{"self":[{"href":"https:\/\/tosselilla.se\/dk\/wp-json\/wp\/v2\/pages\/2287","targetHints":{"allow":["GET"]}}],"collection":[{"href":"https:\/\/tosselilla.se\/dk\/wp-json\/wp\/v2\/pages"}],"about":[{"href":"https:\/\/tosselilla.se\/dk\/wp-json\/wp\/v2\/types\/page"}],"author":[{"embeddable":true,"href":"https:\/\/tosselilla.se\/dk\/wp-json\/wp\/v2\/users\/1"}],"replies":[{"embeddable":true,"href":"https:\/\/tosselilla.se\/dk\/wp-json\/wp\/v2\/comments?post=2287"}],"version-history":[{"count":0,"href":"https:\/\/tosselilla.se\/dk\/wp-json\/wp\/v2\/pages\/2287\/revisions"}],"wp:featuredmedia":[{"embeddable":true,"href":"https:\/\/tosselilla.se\/dk\/wp-json\/wp\/v2\/media\/2292"}],"wp:attachment":[{"href":"https:\/\/tosselilla.se\/dk\/wp-json\/wp\/v2\/media?parent=2287"}],"curies":[{"name":"wp","href":"https:\/\/api.w.org\/{rel}","templated":true}]}}