{"id":2476,"date":"2022-01-21T13:15:26","date_gmt":"2022-01-21T12:15:26","guid":{"rendered":"https:\/\/tosselilla.se\/?page_id=2476"},"modified":"2025-02-28T16:44:09","modified_gmt":"2025-02-28T15:44:09","slug":"vandland","status":"publish","type":"page","link":"https:\/\/tosselilla.se\/dk\/vattenland\/","title":{"rendered":"Vandland"},"content":{"rendered":"<div  class=\"lgc-column lgc-grid-parent lgc-grid-50 lgc-tablet-grid-50 lgc-mobile-grid-100 lgc-equal-heights\"><div  class=\"inside-grid-column\">\n<h2 class=\"blue-2\" style=\"text-align: left; margin-bottom: 1em;\">Velkommen til Sveriges sjoveste vandland<\/h2>\n<p>Oplev Tosselilla, Sydsveriges st\u00f8rste vandland og et af de bedste eventyrbade i hele Sverige! Vores enorme vandland i Sk\u00e5ne er fyldt med masser af fede attraktioner for store og sm\u00e5. Her kan du og din familie nyde betagende vandrutsjebaner som Hyper, Vilda Forsen og meget mere.<\/p>\n<p>For at genopfylde din energi er der masser af spisesteder at v\u00e6lge imellem, hvor du kan smage alt fra l\u00e6kre burgere og pizza til churros, is og traditionel kaffe. Benyt ogs\u00e5 lejligheden til at udforske attraktionerne p\u00e5 land i Tivolilandet eller hvorfor ikke en adrenalinfyldt gokart-tur? Vi har noget for enhver smag. Hjertelig velkommen til Tosselilla Sommarland.<\/p>\n<p><a class=\"btn small\" href=\"https:\/\/tosselilla.se\/dk\/billetpriser\/\">Se Billetter og priser<\/a><br \/>\n<\/p><\/div><\/div>\n<div  class=\"lgc-column lgc-grid-parent lgc-grid-50 lgc-tablet-grid-50 lgc-mobile-grid-100 lgc-equal-heights last\"><div  class=\"inside-grid-column\"><br \/>\n<img loading=\"lazy\" decoding=\"async\" class=\"alignnone wp-image-2228\" src=\"https:\/\/tosselilla.se\/wp-content\/uploads\/2021\/04\/vattenland-300x300.jpg\" alt=\"Tosselilla vandland og eventyrbad i Sk\u00e5ne, Sverige\" width=\"458\" height=\"458\" \/><br \/>\n<\/div><\/div><div class=\"lgc-clear\"><\/div>","protected":false},"excerpt":{"rendered":"","protected":false},"author":2,"featured_media":0,"parent":0,"menu_order":9,"comment_status":"closed","ping_status":"closed","template":"page-info.php","meta":{"_acf_changed":false,"footnotes":""},"class_list":["post-2476","page","type-page","status-publish","hentry"],"acf":[],"_links":{"self":[{"href":"https:\/\/tosselilla.se\/dk\/wp-json\/wp\/v2\/pages\/2476","targetHints":{"allow":["GET"]}}],"collection":[{"href":"https:\/\/tosselilla.se\/dk\/wp-json\/wp\/v2\/pages"}],"about":[{"href":"https:\/\/tosselilla.se\/dk\/wp-json\/wp\/v2\/types\/page"}],"author":[{"embeddable":true,"href":"https:\/\/tosselilla.se\/dk\/wp-json\/wp\/v2\/users\/2"}],"replies":[{"embeddable":true,"href":"https:\/\/tosselilla.se\/dk\/wp-json\/wp\/v2\/comments?post=2476"}],"version-history":[{"count":6,"href":"https:\/\/tosselilla.se\/dk\/wp-json\/wp\/v2\/pages\/2476\/revisions"}],"predecessor-version":[{"id":7386,"href":"https:\/\/tosselilla.se\/dk\/wp-json\/wp\/v2\/pages\/2476\/revisions\/7386"}],"wp:attachment":[{"href":"https:\/\/tosselilla.se\/dk\/wp-json\/wp\/v2\/media?parent=2476"}],"curies":[{"name":"wp","href":"https:\/\/api.w.org\/{rel}","templated":true}]}}