{"id":2509,"date":"2022-01-24T14:20:19","date_gmt":"2022-01-24T13:20:19","guid":{"rendered":"https:\/\/tosselilla.se\/?page_id=2509"},"modified":"2026-04-01T12:03:27","modified_gmt":"2026-04-01T10:03:27","slug":"at-ga-i-skanning","status":"publish","type":"page","link":"https:\/\/tosselilla.se\/dk\/att-gora-i-skane\/","title":{"rendered":"Ting at lave i Sk\u00e5ne"},"content":{"rendered":"<div  class=\"lgc-column lgc-grid-parent lgc-grid-50 lgc-tablet-grid-50 lgc-mobile-grid-100 lgc-equal-heights\"><div  class=\"inside-grid-column\">\n<h2 class=\"blue-2\" style=\"text-align: left; margin-bottom: 1em;\">Leder du efter ting at lave i Sk\u00e5ne med b\u00f8rn?<\/h2>\n<p>Hvis I leder efter sjove ting at lave i Sk\u00e5ne med b\u00f8rn, er Tosselilla Sommarland det oplagte valg til en mindev\u00e6rdig familiedag. Hos os finder I en r\u00e6kke aktiviteter for b\u00e5de unge og gamle, med alt fra <a href=\"https:\/\/tosselilla.se\/dk\/tivoli-skan\/\" target=\"_blank\" rel=\"noopener noreferrer\">forlystelsespark<\/a>, <a href=\"https:\/\/tosselilla.se\/dk\/vandland\/\" target=\"_blank\" rel=\"noopener noreferrer\">vandland<\/a>, <a href=\"https:\/\/tosselilla.se\/dk\/aktiviteter\/?_sft_kategori=tossearken\" target=\"_blank\" rel=\"noopener noreferrer\">Zoologisk have<\/a> og meget mere. Velkommen til sommerens store familieeventyr!<\/p>\n<p><a class=\"btn small\" href=\"https:\/\/tosselilla.se\/dk\/billetpriser\/\" target=\"_blank\" rel=\"noopener noreferrer\">Se billetter<\/a><\/p>\n<p><\/p><\/div><\/div><div  class=\"lgc-column lgc-grid-parent lgc-grid-50 lgc-tablet-grid-50 lgc-mobile-grid-100 lgc-equal-heights last\"><div  class=\"inside-grid-column\"><br \/>\n<img loading=\"lazy\" decoding=\"async\" class=\"alignnone wp-image-626\" src=\"https:\/\/tosselilla.se\/wp-content\/uploads\/2020\/04\/hyper_bild-300x300.jpg\" alt=\"At k\u00f8re p\u00e5 vandrutsjebanen er en af de mange ting at lave i Sk\u00e5ne ved Tosselilla Sommarland\" width=\"458\" height=\"458\" \/><br \/>\n<\/div><\/div><div class=\"lgc-clear\"><\/div>","protected":false},"excerpt":{"rendered":"","protected":false},"author":2,"featured_media":0,"parent":0,"menu_order":8,"comment_status":"closed","ping_status":"closed","template":"page-info.php","meta":{"_acf_changed":false,"footnotes":""},"class_list":["post-2509","page","type-page","status-publish","hentry"],"acf":[],"_links":{"self":[{"href":"https:\/\/tosselilla.se\/dk\/wp-json\/wp\/v2\/pages\/2509","targetHints":{"allow":["GET"]}}],"collection":[{"href":"https:\/\/tosselilla.se\/dk\/wp-json\/wp\/v2\/pages"}],"about":[{"href":"https:\/\/tosselilla.se\/dk\/wp-json\/wp\/v2\/types\/page"}],"author":[{"embeddable":true,"href":"https:\/\/tosselilla.se\/dk\/wp-json\/wp\/v2\/users\/2"}],"replies":[{"embeddable":true,"href":"https:\/\/tosselilla.se\/dk\/wp-json\/wp\/v2\/comments?post=2509"}],"version-history":[{"count":5,"href":"https:\/\/tosselilla.se\/dk\/wp-json\/wp\/v2\/pages\/2509\/revisions"}],"predecessor-version":[{"id":8102,"href":"https:\/\/tosselilla.se\/dk\/wp-json\/wp\/v2\/pages\/2509\/revisions\/8102"}],"wp:attachment":[{"href":"https:\/\/tosselilla.se\/dk\/wp-json\/wp\/v2\/media?parent=2509"}],"curies":[{"name":"wp","href":"https:\/\/api.w.org\/{rel}","templated":true}]}}