{"id":3,"date":"2020-03-10T12:20:43","date_gmt":"2020-03-10T11:20:43","guid":{"rendered":"https:\/\/tosselilla.se\/?page_id=3"},"modified":"2020-04-23T13:56:40","modified_gmt":"2020-04-23T11:56:40","slug":"fortrolighedspolitik","status":"publish","type":"page","link":"https:\/\/tosselilla.se\/dk\/integritetspolicy\/","title":{"rendered":"Fortrolighedspolitik"},"content":{"rendered":"<div  class=\"lgc-column lgc-grid-parent lgc-grid-50 lgc-tablet-grid-50 lgc-mobile-grid-100 lgc-equal-heights\"><div  class=\"inside-grid-column\">\n<p><strong>Hvorfor skal jeg l\u00e6se denne politik?<\/strong><br \/>\nDenne politik beskriver, hvordan vi hos Tosselilla Sommarland indsamler, bruger og beskytter dine personlige data.<\/p>\n<p><strong>Hvilke oplysninger kan vi indsamle?<\/strong><br \/>\nTosselilla Sommarland indsamler og behandler oplysninger i de omr\u00e5der og funktioner, der er anf\u00f8rt nedenfor. Oplysningerne kan blive indsamlet, n\u00e5r du handler hos eller kontakter os, og du afgiver personlige oplysninger. Disse data kan v\u00e6re:<\/p>\n<p>Email adresse<br \/>\nNavn<br \/>\nAdresse<br \/>\nTelefonnummer<br \/>\nIdentifikationsdata<br \/>\nCPR-nummer i nogle tilf\u00e6lde<br \/>\nKontonummer i nogle tilf\u00e6lde<br \/>\nYdermere kan Tosselilla Sommarland indsamle tekniske data om de enheder, du bruger til at f\u00e5 adgang til vores kanaler, herunder IP-adresse, browsertype og cookieoplysninger. Hvis du bes\u00f8ger eller kommunikerer med os via vores sociale mediekonti (det vil sige tredjepartsplatforme s\u00e5som Facebook og Instagram), kan Tosselilla Sommarland modtage information vedr\u00f8rende din profil og dine interaktioner p\u00e5 tredjepartsplatformen fra udbyderen af samme .<\/p>\n<p><strong>Hvordan vil du bruge mine oplysninger?<\/strong>Vi skal vide lidt om dig for at kunne h\u00e5ndtere dine sager i vores kundeservice. Vi vil ikke indsamle flere oplysninger, end vi har brug for for at levere vores tjenester til dig.<\/p>\n<p><strong>Hvor l\u00e6nge vil vi gemme dine oplysninger?<\/strong><br \/>\nVi opbevarer kun dine personoplysninger, s\u00e5 l\u00e6nge det er n\u00f8dvendigt for at opfylde de form\u00e5l, der er specificeret i denne politik. N\u00e5r vi gemmer dine data til andre form\u00e5l, f.eks. For at opfylde regnskabskrav gemmer vi kun dine data, s\u00e5 l\u00e6nge det er n\u00f8dvendigt og\/eller p\u00e5kr\u00e6vet ved lov til det respektive form\u00e5l. Vi foretager regelm\u00e6ssig udtynding og fjerner personlige data, hvis de ikke l\u00e6ngere er n\u00f8dvendige.<\/p>\n<p>Oplysninger, som vi bruger til udsendelse af nyhedsbreve eller markedsf\u00f8ring, opbevares indtil det tidspunkt, hvor du v\u00e6lger at afmelde dem.<\/p>\n<p><strong>Hvem deler du mine oplysninger med?<\/strong><br \/>\nDine personoplysninger h\u00e5ndteres af Tosselilla Sommarland. Dine personoplysninger udleveres kun til andre tredjeparter, hvis det er n\u00f8dvendigt p\u00e5 grund af lovkrav eller for at vi skal kunne beskytte vores eller en tredjeparts rettigheder.<\/p>\n<p>Bruger du sociale medier, for eksempel Facebook eller Instagram, til at komme i kontakt med Tosselilla Sommarland, overf\u00f8res oplysningerne og persondataene altid til en tredjepart (det vil sige den virksomhed\/organisation, der driver det sociale medie). For din egen skyld r\u00e5der vi dig til ikke at sende os f\u00f8lsomme oplysninger via sociale medier.<\/p>\n<p><\/p><\/div><\/div>\n<div  class=\"lgc-column lgc-grid-parent lgc-grid-50 lgc-tablet-grid-50 lgc-mobile-grid-100 lgc-equal-heights last\"><div  class=\"inside-grid-column\">\n<p><strong>Hvor har vi dine oplysninger?<\/strong><br \/>\nVi vil for st\u00f8rstedelens vedkommende h\u00e5ndtere dine personoplysninger inden for EU\/ESS. Hvis personoplysninger overf\u00f8res til eller behandles i et land uden for EU\/E\u00d8S, vil Tosselilla Sommarland sikre, at dine personoplysninger h\u00e5ndteres sikkert og med et tilstr\u00e6kkeligt beskyttelsesniveau, der kan sammenlignes med den beskyttelse, der tilbydes inden for EU\/E\u00d8S.<\/p>\n<p><strong>Hvad er dine rettigheder?<\/strong><br \/>\nRet til information: Du kan anmode om at f\u00e5 en kopi af de personoplysninger, vi har om dig.<\/p>\n<p>Ret til berigtigelse: Vi \u00f8nsker at sikre, at dine oplysninger er ajourf\u00f8rte og korrekte. Du kan anmode om at f\u00e5 dine oplysninger rettet eller fjernet, hvis du mener, at de er forkerte.<\/p>\n<p>Ret til sletning: Du kan anmode om, at vi sletter dine personoplysninger. Vi m\u00e5 ikke slette oplysninger, som loven kr\u00e6ver, at vi opbevarer.<\/p>\n<p>Dataportabilitet: Du kan bede os om at flytte dine personlige data fra vores it-milj\u00f8 til en anden, enten en anden virksomhed eller til dig. Dette g\u00e6lder ikke for data, som loven kr\u00e6ver, at vi opbevarer.<\/p>\n<p>Tilbagetr\u00e6kning af samtykke: Du kan til enhver tid tilbagekalde dit samtykke til at dele dine oplysninger eller modtage markedsf\u00f8ring\/mailings. Enten ved at afmelde notifikationen eller kontakte os p\u00e5 e-mail.<\/p>\n<p>Klager: Du kan indgive en klage til datatilsynet, hvis du mener, at vi behandler dine personoplysninger i strid med databeskyttelsesforordningen.<\/p>\n<p><strong>Hvordan kan jeg bruge mine rettigheder?<\/strong><br \/>\nHvis du har sp\u00f8rgsm\u00e5l til, hvordan Tosselilla Sommarland h\u00e5ndterer dine personoplysninger, eller hvis du \u00f8nsker at ud\u00f8ve dine rettigheder, s\u00e5 t\u00f8v ikke med at kontakte os p\u00e5 info@tosselilla.se eller pr. brev til Tosselilla Sommarland, Svampakorset, 273 97 Tomelilla. M\u00e6rk bogstavet med &quot;GDPR&quot;.<\/p>\n<p><strong>Opdateringer til denne politik<\/strong><br \/>\nVi kan opdatere denne politik og vil derefter offentligg\u00f8re den p\u00e5 denne hjemmeside. Denne politik blev sidst opdateret den 25. maj 2018.<\/p>\n<p><strong>Hvordan du kan kontakte os<\/strong><br \/>\nHvis du har sp\u00f8rgsm\u00e5l vedr\u00f8rende denne politik, eller hvordan vi bruger dine oplysninger eller dine rettigheder, kan du kontakte os p\u00e5 f\u00f8lgende adresse:<\/p>\n<p>Tosselilla Sommerland<br \/>\nSvampekorset<br \/>\n273 97 Tomelilla<br \/>\nE-mail: info@tosselilla.se<\/p>\n<p><\/p><\/div><\/div>\n<p>&nbsp;<\/p>\n<p>&nbsp;<\/p>","protected":false},"excerpt":{"rendered":"<p>&nbsp; &nbsp;<\/p>","protected":false},"author":1,"featured_media":0,"parent":0,"menu_order":19,"comment_status":"closed","ping_status":"open","template":"","meta":{"_acf_changed":false,"footnotes":""},"class_list":["post-3","page","type-page","status-publish","hentry"],"acf":[],"_links":{"self":[{"href":"https:\/\/tosselilla.se\/dk\/wp-json\/wp\/v2\/pages\/3","targetHints":{"allow":["GET"]}}],"collection":[{"href":"https:\/\/tosselilla.se\/dk\/wp-json\/wp\/v2\/pages"}],"about":[{"href":"https:\/\/tosselilla.se\/dk\/wp-json\/wp\/v2\/types\/page"}],"author":[{"embeddable":true,"href":"https:\/\/tosselilla.se\/dk\/wp-json\/wp\/v2\/users\/1"}],"replies":[{"embeddable":true,"href":"https:\/\/tosselilla.se\/dk\/wp-json\/wp\/v2\/comments?post=3"}],"version-history":[{"count":0,"href":"https:\/\/tosselilla.se\/dk\/wp-json\/wp\/v2\/pages\/3\/revisions"}],"wp:attachment":[{"href":"https:\/\/tosselilla.se\/dk\/wp-json\/wp\/v2\/media?parent=3"}],"curies":[{"name":"wp","href":"https:\/\/api.w.org\/{rel}","templated":true}]}}