{"id":3917,"date":"2022-04-11T10:43:37","date_gmt":"2022-04-11T08:43:37","guid":{"rendered":"https:\/\/tosselilla.se\/?page_id=3917"},"modified":"2026-03-13T13:50:14","modified_gmt":"2026-03-13T12:50:14","slug":"faktuelt","status":"publish","type":"page","link":"https:\/\/tosselilla.se\/dk\/sakerhet\/","title":{"rendered":"Sikkerhed"},"content":{"rendered":"<h1 class=\"blue-1\">Sikkerhed<\/h1>\n<p>Tosselilla Sommarland er en udend\u00f8rs park med et stort areal (500.000 m2) og store gr\u00f8nne omr\u00e5der, og vi g\u00f8r alt, hvad vi kan, for at vores bes\u00f8gende f\u00e5r en s\u00e5 sikker oplevelse som muligt:<\/p>","protected":false},"excerpt":{"rendered":"<p>Sikkerhed Tosselilla Sommarland er en udend\u00f8rs park med et stort areal (500.000 m2) og store gr\u00f8nne omr\u00e5der, og vi g\u00f8r alt, hvad vi kan for at sikre, at vores bes\u00f8gende har en s\u00e5 tryg... <\/p>\n<div class=\"button-container\"><a class=\"btn small\" href=\"https:\/\/tosselilla.se\/dk\/sakerhet\/\">L\u00e6s mere<\/a><\/div>","protected":false},"author":1,"featured_media":0,"parent":0,"menu_order":6,"comment_status":"closed","ping_status":"closed","template":"page-text.php","meta":{"_acf_changed":false,"footnotes":""},"class_list":["post-3917","page","type-page","status-publish","hentry"],"acf":[],"_links":{"self":[{"href":"https:\/\/tosselilla.se\/dk\/wp-json\/wp\/v2\/pages\/3917","targetHints":{"allow":["GET"]}}],"collection":[{"href":"https:\/\/tosselilla.se\/dk\/wp-json\/wp\/v2\/pages"}],"about":[{"href":"https:\/\/tosselilla.se\/dk\/wp-json\/wp\/v2\/types\/page"}],"author":[{"embeddable":true,"href":"https:\/\/tosselilla.se\/dk\/wp-json\/wp\/v2\/users\/1"}],"replies":[{"embeddable":true,"href":"https:\/\/tosselilla.se\/dk\/wp-json\/wp\/v2\/comments?post=3917"}],"version-history":[{"count":4,"href":"https:\/\/tosselilla.se\/dk\/wp-json\/wp\/v2\/pages\/3917\/revisions"}],"predecessor-version":[{"id":8062,"href":"https:\/\/tosselilla.se\/dk\/wp-json\/wp\/v2\/pages\/3917\/revisions\/8062"}],"wp:attachment":[{"href":"https:\/\/tosselilla.se\/dk\/wp-json\/wp\/v2\/media?parent=3917"}],"curies":[{"name":"wp","href":"https:\/\/api.w.org\/{rel}","templated":true}]}}