{"id":3933,"date":"2022-04-11T11:19:59","date_gmt":"2022-04-11T09:19:59","guid":{"rendered":"https:\/\/tosselilla.se\/?page_id=3933"},"modified":"2022-04-13T16:39:51","modified_gmt":"2022-04-13T14:39:51","slug":"vedligeholdelse","status":"publish","type":"page","link":"https:\/\/tosselilla.se\/dk\/hallbarhet\/","title":{"rendered":"b\u00e6redygtighed"},"content":{"rendered":"<h1 class=\"blue-1\">b\u00e6redygtighed<\/h1>\n<p>Tosselilla byder alle velkommen uanset baggrund. Det kan vi takket v\u00e6re vores store udbud og variation af oplevelser og aktiviteter. Arbejdet mod en mere b\u00e6redygtig park er i konstant bev\u00e6gelse. Vi vil opdatere dig, mens vi arbejder hen imod nye m\u00e5l:<\/p>","protected":false},"excerpt":{"rendered":"<p>B\u00e6redygtighed Tosselilla byder alle velkommen, uanset baggrund. Det kan vi takket v\u00e6re vores store udbud og variation af oplevelser og aktiviteter. Arbejdet hen imod en mere b\u00e6redygtig park er i konstant... <\/p>\n<div class=\"button-container\"><a class=\"btn small\" href=\"https:\/\/tosselilla.se\/dk\/hallbarhet\/\">L\u00e6s mere<\/a><\/div>","protected":false},"author":1,"featured_media":0,"parent":0,"menu_order":0,"comment_status":"closed","ping_status":"closed","template":"page-text.php","meta":{"_acf_changed":false,"footnotes":""},"class_list":["post-3933","page","type-page","status-publish","hentry"],"acf":[],"_links":{"self":[{"href":"https:\/\/tosselilla.se\/dk\/wp-json\/wp\/v2\/pages\/3933","targetHints":{"allow":["GET"]}}],"collection":[{"href":"https:\/\/tosselilla.se\/dk\/wp-json\/wp\/v2\/pages"}],"about":[{"href":"https:\/\/tosselilla.se\/dk\/wp-json\/wp\/v2\/types\/page"}],"author":[{"embeddable":true,"href":"https:\/\/tosselilla.se\/dk\/wp-json\/wp\/v2\/users\/1"}],"replies":[{"embeddable":true,"href":"https:\/\/tosselilla.se\/dk\/wp-json\/wp\/v2\/comments?post=3933"}],"version-history":[{"count":0,"href":"https:\/\/tosselilla.se\/dk\/wp-json\/wp\/v2\/pages\/3933\/revisions"}],"wp:attachment":[{"href":"https:\/\/tosselilla.se\/dk\/wp-json\/wp\/v2\/media?parent=3933"}],"curies":[{"name":"wp","href":"https:\/\/api.w.org\/{rel}","templated":true}]}}