{"id":3947,"date":"2022-04-28T15:18:57","date_gmt":"2022-04-28T13:18:57","guid":{"rendered":"https:\/\/tosselilla.se\/?page_id=3947"},"modified":"2022-07-16T09:51:59","modified_gmt":"2022-07-16T07:51:59","slug":"forza","status":"publish","type":"page","link":"https:\/\/tosselilla.se\/dk\/forza\/","title":{"rendered":"Forza"},"content":{"rendered":"<div  class=\"lgc-column lgc-grid-parent lgc-grid-50 lgc-tablet-grid-50 lgc-mobile-grid-100 lgc-equal-heights\"><div  class=\"inside-grid-column\">\n<p class=\"blue-2\">Forza p\u00e5 Tosselilla<\/p>\n<p>Forza er sommerens nye satsning p\u00e5 Tosselilla. Denne rutsjebane accelererer med en tophastighed p\u00e5 60 km\/t, og du kommer til at opleve betagende g-kr\u00e6fter. Hvis du kan lide fart, og n\u00e5r maven kribler, skal du bare pr\u00f8ve det. Forza garanterer en sp\u00e6ndende oplevelse, som du sent vil glemme. Bjerg- og dalbanen er velegnet til b\u00e5de unge og \u00e6ldre bes\u00f8gende i Tivoliland. For at ride betaler du kun entr\u00e9en og s\u00e5 kan du ride s\u00e5 meget du vil. Vi har ogs\u00e5 gratis parkering til alle bes\u00f8gende.<\/p>\n<p><a class=\"btn small\" href=\"https:\/\/tosselilla.se\/wp-content\/uploads\/2020\/05\/karta_full-scaled.jpg\" target=\"_blank\" rel=\"noopener noreferrer\">Se hele Sommerlandet her<\/a><\/p>\n<p><\/p><\/div><\/div><div  class=\"lgc-column lgc-grid-parent lgc-grid-50 lgc-tablet-grid-50 lgc-mobile-grid-100 lgc-equal-heights last\"><div  class=\"inside-grid-column\"><br \/>\n<img loading=\"lazy\" decoding=\"async\" class=\"alignnone wp-image-3975\" src=\"https:\/\/tosselilla.se\/wp-content\/uploads\/2022\/05\/Forza-logotyp-1-300x169.png\" alt=\"\" width=\"621\" height=\"350\"><br \/>\n<\/div><\/div><div class=\"lgc-clear\"><\/div>","protected":false},"excerpt":{"rendered":"","protected":false},"author":2,"featured_media":0,"parent":0,"menu_order":4,"comment_status":"closed","ping_status":"closed","template":"page-text.php","meta":{"_acf_changed":false,"footnotes":""},"class_list":["post-3947","page","type-page","status-publish","hentry"],"acf":[],"_links":{"self":[{"href":"https:\/\/tosselilla.se\/dk\/wp-json\/wp\/v2\/pages\/3947","targetHints":{"allow":["GET"]}}],"collection":[{"href":"https:\/\/tosselilla.se\/dk\/wp-json\/wp\/v2\/pages"}],"about":[{"href":"https:\/\/tosselilla.se\/dk\/wp-json\/wp\/v2\/types\/page"}],"author":[{"embeddable":true,"href":"https:\/\/tosselilla.se\/dk\/wp-json\/wp\/v2\/users\/2"}],"replies":[{"embeddable":true,"href":"https:\/\/tosselilla.se\/dk\/wp-json\/wp\/v2\/comments?post=3947"}],"version-history":[{"count":0,"href":"https:\/\/tosselilla.se\/dk\/wp-json\/wp\/v2\/pages\/3947\/revisions"}],"wp:attachment":[{"href":"https:\/\/tosselilla.se\/dk\/wp-json\/wp\/v2\/media?parent=3947"}],"curies":[{"name":"wp","href":"https:\/\/api.w.org\/{rel}","templated":true}]}}